{"id":3561,"date":"2015-06-07T09:05:17","date_gmt":"2015-06-07T09:05:17","guid":{"rendered":"https:\/\/chef-domicile.com\/?page_id=3561"},"modified":"2017-06-27T15:14:41","modified_gmt":"2017-06-27T13:14:41","slug":"realisations","status":"publish","type":"page","link":"https:\/\/chef-domicile.com\/index.php\/realisations\/","title":{"rendered":"R\u00e9alisations"},"content":{"rendered":"<div  class=\"one\">\n<div id=\"1498569281831913532\" class=\"photo_wall_wrapper shortcode \">\n<div class=\"wall_entry \">\n<div class=\"wall_thumbnail\"><a class=\"fancy-gallery\" href=\"https:\/\/chef-domicile.com\/wp-content\/uploads\/2015\/06\/Chef-Julien-12.jpg\" title=\"\" ><img decoding=\"async\" src=\"https:\/\/chef-domicile.com\/wp-content\/uploads\/2015\/06\/Chef-Julien-12-400x400.jpg\" alt=\"\"\/><\/a><\/div>\n<\/div>\n<div class=\"wall_entry \">\n<div class=\"wall_thumbnail\"><a class=\"fancy-gallery\" href=\"https:\/\/chef-domicile.com\/wp-content\/uploads\/2017\/06\/assiette.jpg\" title=\"\" ><img decoding=\"async\" src=\"https:\/\/chef-domicile.com\/wp-content\/uploads\/2017\/06\/assiette-400x400.jpg\" alt=\"\"\/><\/a><\/div>\n<\/div>\n<div class=\"wall_entry \">\n<div class=\"wall_thumbnail\"><a class=\"fancy-gallery\" href=\"https:\/\/chef-domicile.com\/wp-content\/uploads\/2015\/06\/Chef-Julien-3.jpg\" title=\"\" ><img decoding=\"async\" src=\"https:\/\/chef-domicile.com\/wp-content\/uploads\/2015\/06\/Chef-Julien-3-400x400.jpg\" alt=\"\"\/><\/a><\/div>\n<\/div>\n<div class=\"wall_entry \">\n<div class=\"wall_thumbnail\"><a class=\"fancy-gallery\" href=\"https:\/\/chef-domicile.com\/wp-content\/uploads\/2015\/06\/Chef-Julien-11.jpg\" title=\"\" ><img decoding=\"async\" src=\"https:\/\/chef-domicile.com\/wp-content\/uploads\/2015\/06\/Chef-Julien-11-400x400.jpg\" alt=\"\"\/><\/a><\/div>\n<\/div>\n<div class=\"wall_entry \">\n<div class=\"wall_thumbnail\"><a class=\"fancy-gallery\" href=\"https:\/\/chef-domicile.com\/wp-content\/uploads\/2015\/06\/Chef-Julien-1.jpg\" title=\"\" ><img decoding=\"async\" src=\"https:\/\/chef-domicile.com\/wp-content\/uploads\/2015\/06\/Chef-Julien-1-400x400.jpg\" alt=\"\"\/><\/a><\/div>\n<\/div>\n<div class=\"wall_entry \">\n<div class=\"wall_thumbnail\"><a class=\"fancy-gallery\" href=\"https:\/\/chef-domicile.com\/wp-content\/uploads\/2015\/06\/Chef-Julien-4.jpg\" title=\"\" ><img decoding=\"async\" src=\"https:\/\/chef-domicile.com\/wp-content\/uploads\/2015\/06\/Chef-Julien-4-400x400.jpg\" alt=\"\"\/><\/a><\/div>\n<\/div>\n<div class=\"wall_entry \">\n<div class=\"wall_thumbnail\"><a class=\"fancy-gallery\" href=\"https:\/\/chef-domicile.com\/wp-content\/uploads\/2015\/06\/Chef-Julien-6.jpg\" title=\"\" ><img decoding=\"async\" src=\"https:\/\/chef-domicile.com\/wp-content\/uploads\/2015\/06\/Chef-Julien-6-400x400.jpg\" alt=\"\"\/><\/a><\/div>\n<\/div>\n<div class=\"wall_entry \">\n<div class=\"wall_thumbnail\"><a class=\"fancy-gallery\" href=\"https:\/\/chef-domicile.com\/wp-content\/uploads\/2015\/06\/Chef-Julien-2.jpg\" title=\"\" ><img decoding=\"async\" src=\"https:\/\/chef-domicile.com\/wp-content\/uploads\/2015\/06\/Chef-Julien-2-400x400.jpg\" alt=\"\"\/><\/a><\/div>\n<\/div>\n<div class=\"wall_entry \">\n<div class=\"wall_thumbnail\"><a class=\"fancy-gallery\" href=\"https:\/\/chef-domicile.com\/wp-content\/uploads\/2015\/06\/Chef-Julien-9.jpg\" title=\"\" ><img decoding=\"async\" src=\"https:\/\/chef-domicile.com\/wp-content\/uploads\/2015\/06\/Chef-Julien-9-400x400.jpg\" alt=\"\"\/><\/a><\/div>\n<\/div>\n<div class=\"wall_entry \">\n<div class=\"wall_thumbnail\"><a class=\"fancy-gallery\" href=\"https:\/\/chef-domicile.com\/wp-content\/uploads\/2015\/06\/Chef-Julien-7.jpg\" title=\"\" ><img decoding=\"async\" src=\"https:\/\/chef-domicile.com\/wp-content\/uploads\/2015\/06\/Chef-Julien-7-400x400.jpg\" alt=\"\"\/><\/a><\/div>\n<\/div>\n<div class=\"wall_entry \">\n<div class=\"wall_thumbnail\"><a class=\"fancy-gallery\" href=\"https:\/\/chef-domicile.com\/wp-content\/uploads\/2015\/06\/Chef-Julien-10.jpg\" title=\"\" ><img decoding=\"async\" src=\"https:\/\/chef-domicile.com\/wp-content\/uploads\/2015\/06\/Chef-Julien-10-400x400.jpg\" alt=\"\"\/><\/a><\/div>\n<\/div>\n<div class=\"wall_entry \">\n<div class=\"wall_thumbnail\"><a class=\"fancy-gallery\" href=\"https:\/\/chef-domicile.com\/wp-content\/uploads\/2015\/06\/Chef-Julien-5.jpg\" title=\"\" ><img decoding=\"async\" src=\"https:\/\/chef-domicile.com\/wp-content\/uploads\/2015\/06\/Chef-Julien-5-400x400.jpg\" alt=\"\"\/><\/a><\/div>\n<\/div>\n<\/div>\n<\/div>\n<div  class=\"one fullwidth \"><link href=\"https:\/\/fonts.googleapis.com\/css?family=Kristi:400|Lato:300%2C400\" rel=\"stylesheet\" property=\"stylesheet\" type=\"text\/css\" media=\"all\">\n<div id=\"rev_slider_2_1_wrapper\" class=\"rev_slider_wrapper fullwidthbanner-container\" data-alias=\"Test\" data-source=\"gallery\" style=\"margin:0px auto;background:transparent;padding:0px;margin-top:0px;margin-bottom:0px;\">\n<!-- START REVOLUTION SLIDER 5.4.3 fullwidth mode --><\/p>\n<div id=\"rev_slider_2_1\" class=\"rev_slider fullwidthabanner\" style=\"display:none;\" data-version=\"5.4.3\">\n<ul>\t<!-- SLIDE  --><\/p>\n<li data-index=\"rs-3\" data-transition=\"zoomin\" data-slotamount=\"7\" data-hideafterloop=\"0\" data-hideslideonmobile=\"off\"  data-easein=\"default\" data-easeout=\"default\" data-masterspeed=\"300\"  data-rotate=\"0\"  data-saveperformance=\"on\"  data-title=\"Slide\" data-param1=\"\" data-param2=\"\" data-param3=\"\" data-param4=\"\" data-param5=\"\" data-param6=\"\" data-param7=\"\" data-param8=\"\" data-param9=\"\" data-param10=\"\" data-description=\"\">\n\t\t<!-- MAIN IMAGE --><br \/>\n\t\t<img decoding=\"async\" loading=\"lazy\" src=\"https:\/\/chef-domicile.com\/wp-content\/uploads\/2015\/06\/20141106_ftinc_053_3.jpg\"  alt=\"\" title=\"20141106_ftinc_053_3\"  width=\"1860\" height=\"1241\" data-bgposition=\"center center\" data-bgfit=\"cover\" class=\"rev-slidebg\" data-no-retina><br \/>\n\t\t<!-- LAYERS --><\/p>\n<p>\t\t<!-- BACKGROUND VIDEO LAYER --><\/p>\n<div class=\"rs-background-video-layer\" \n\t\t\tdata-forcerewind=\"on\" \n\t\t\tdata-volume=\"mute\" \n\t\t\tdata-vimeoid=\"155115598\" \n\t\t\tdata-videoattributes=\"background=1&#038;title=0&#038;byline=0&#038;portrait=0&#038;api=1\" \n\t\t\tdata-videowidth=\"100%\" \n\t\t\tdata-videoheight=\"100%\" \n\t\t\tdata-videocontrols=\"none\" \n\t\t\tdata-videoloop=\"none\" \n\t\t\tdata-forceCover=\"1\" \n\t\t\tdata-aspectratio=\"16:9\" \n\t\t\tdata-autoplay=\"true\" \n\t\t\tdata-autoplayonlyfirsttime=\"false\" \n><\/div>\n<p>\t\t<!-- LAYER NR. 1 --><\/p>\n<div class=\"tp-caption title-first-word   tp-resizeme\" \n\t\t\t id=\"slide-3-layer-1\" \n\t\t\t data-x=\"87\" \n\t\t\t data-y=\"center\" data-voffset=\"-171\" \n\t\t\t\t\t\tdata-width=\"['auto']\"\n\t\t\tdata-height=\"['auto']\"\n \n\t\t\tdata-type=\"text\" \n\t\t\tdata-responsive_offset=\"on\" \n\n\t\t\tdata-frames='[{\"delay\":350,\"speed\":300,\"frame\":\"0\",\"from\":\"opacity:0;\",\"to\":\"o:1;\",\"ease\":\"Power3.easeInOut\"},{\"delay\":\"+6350\",\"speed\":300,\"frame\":\"999\",\"to\":\"auto:auto;\",\"ease\":\"nothing\"}]'\n\t\t\tdata-textAlign=\"['inherit','inherit','inherit','inherit']\"\n\t\t\tdata-paddingtop=\"[0,0,0,0]\"\n\t\t\tdata-paddingright=\"[0,0,0,0]\"\n\t\t\tdata-paddingbottom=\"[0,0,0,0]\"\n\t\t\tdata-paddingleft=\"[0,0,0,0]\"\n\n\t\t\tstyle=\"z-index: 5; white-space: nowrap; font-weight: 400; letter-spacing: px;\">Julien Tartre <\/div>\n<p>\t\t<!-- LAYER NR. 2 --><\/p>\n<div class=\"tp-caption title   tp-resizeme\" \n\t\t\t id=\"slide-3-layer-2\" \n\t\t\t data-x=\"83\" \n\t\t\t data-y=\"center\" data-voffset=\"-89\" \n\t\t\t\t\t\tdata-width=\"['auto']\"\n\t\t\tdata-height=\"['auto']\"\n \n\t\t\tdata-type=\"text\" \n\t\t\tdata-responsive_offset=\"on\" \n\n\t\t\tdata-frames='[{\"delay\":360,\"speed\":300,\"frame\":\"0\",\"from\":\"opacity:0;\",\"to\":\"o:1;\",\"ease\":\"Power3.easeInOut\"},{\"delay\":\"+6340\",\"speed\":300,\"frame\":\"999\",\"to\":\"auto:auto;\",\"ease\":\"nothing\"}]'\n\t\t\tdata-textAlign=\"['inherit','inherit','inherit','inherit']\"\n\t\t\tdata-paddingtop=\"[0,0,0,0]\"\n\t\t\tdata-paddingright=\"[0,0,0,0]\"\n\t\t\tdata-paddingbottom=\"[0,0,0,0]\"\n\t\t\tdata-paddingleft=\"[0,0,0,0]\"\n\n\t\t\tstyle=\"z-index: 6; white-space: nowrap; line-height: px; color: #ffffff; letter-spacing: px;\">Chef<strong>\u00e0 Domicile<\/strong> <\/div>\n<p>\t\t<!-- LAYER NR. 3 --><\/p>\n<div class=\"tp-caption sub-title   tp-resizeme\" \n\t\t\t id=\"slide-3-layer-3\" \n\t\t\t data-x=\"79\" \n\t\t\t data-y=\"center\" data-voffset=\"-20\" \n\t\t\t\t\t\tdata-width=\"['auto']\"\n\t\t\tdata-height=\"['auto']\"\n \n\t\t\tdata-type=\"text\" \n\t\t\tdata-responsive_offset=\"on\" \n\n\t\t\tdata-frames='[{\"delay\":380,\"speed\":300,\"frame\":\"0\",\"from\":\"opacity:0;\",\"to\":\"o:1;\",\"ease\":\"Power3.easeInOut\"},{\"delay\":\"+6320\",\"speed\":300,\"frame\":\"999\",\"to\":\"auto:auto;\",\"ease\":\"nothing\"}]'\n\t\t\tdata-textAlign=\"['inherit','inherit','inherit','inherit']\"\n\t\t\tdata-paddingtop=\"[0,0,0,0]\"\n\t\t\tdata-paddingright=\"[0,0,0,0]\"\n\t\t\tdata-paddingbottom=\"[0,0,0,0]\"\n\t\t\tdata-paddingleft=\"[0,0,0,0]\"\n\n\t\t\tstyle=\"z-index: 7; white-space: nowrap; color: #ffffff; letter-spacing: px;\">Chef \u00e0 domicile, nous r\u00e9alisons vos envies les plus atypiques!<br \/>\nDemander un devis en ligne ou appeler nous au 06 67 40 72 27 <\/div>\n<\/li>\n<\/ul>\n<div class=\"tp-bannertimer tp-bottom\" style=\"visibility: hidden !important;\"><\/div>\n<\/p><\/div>\n<style>.tp-caption.title-first-word,.title-first-word{font-size:60px;line-height:50px;font-family:Kristi;color:#cfa670;text-decoration:none;background-color:transparent;border-width:0px;border-color:rgb(0,0,0);border-style:none;text-shadow:none}.tp-caption.title,.title{font-size:65px;font-weight:300;font-family:Lato;color:rgb(255,255,255);text-decoration:none;background-color:transparent;border-width:0px;border-color:rgb(0,0,0);border-style:none;text-shadow:none;text-transform:uppercase;letter-spacing:-3px}.tp-caption.sub-title,.sub-title{font-size:20px;line-height:24px;font-weight:400;font-family:Lato;color:rgb(255,255,255);text-decoration:none;background-color:transparent;border-width:0px;border-color:rgb(0,0,0);border-style:none;text-shadow:none;text-transform:uppercase;letter-spacing:-1px}<\/style>\n<p>\t\t<script type=\"text\/javascript\">\nsetREVStartSize({c: jQuery('#rev_slider_2_1'), gridwidth: [1240], gridheight: [868], sliderLayout: 'fullwidth'});<\/p>\n<p>var revapi2,\n\ttpj=jQuery;<\/p>\n<p>tpj(document).ready(function() {\n\tif(tpj(\"#rev_slider_2_1\").revolution == undefined){\n\t\trevslider_showDoubleJqueryError(\"#rev_slider_2_1\");\n\t}else{\n\t\trevapi2 = tpj(\"#rev_slider_2_1\").show().revolution({\n\t\t\tsliderType:\"standard\",\n\t\t\tjsFileLocation:\"\/\/chef-domicile.com\/wp-content\/plugins\/revslider\/public\/assets\/js\/\",\n\t\t\tsliderLayout:\"fullwidth\",\n\t\t\tdottedOverlay:\"none\",\n\t\t\tdelay:9000,\n\t\t\tnavigation: {\n\t\t\t\tonHoverStop:\"off\",\n\t\t\t},\n\t\t\tvisibilityLevels:[1240,1024,778,480],\n\t\t\tgridwidth:1240,\n\t\t\tgridheight:868,\n\t\t\tlazyType:\"none\",\n\t\t\tshadow:0,\n\t\t\tspinner:\"spinner0\",\n\t\t\tstopLoop:\"off\",\n\t\t\tstopAfterLoops:-1,\n\t\t\tstopAtSlide:-1,\n\t\t\tshuffle:\"off\",\n\t\t\tautoHeight:\"off\",\n\t\t\tdisableProgressBar:\"on\",\n\t\t\thideThumbsOnMobile:\"off\",\n\t\t\thideSliderAtLimit:0,\n\t\t\thideCaptionAtLimit:0,\n\t\t\thideAllCaptionAtLilmit:0,\n\t\t\tdebugMode:false,\n\t\t\tfallbacks: {\n\t\t\t\tsimplifyAll:\"off\",\n\t\t\t\tnextSlideOnWindowFocus:\"off\",\n\t\t\t\tdisableFocusListener:false,\n\t\t\t}\n\t\t});\n\t}<\/p>\n<p>});\t\/*ready*\/\n<\/script>\n\t\t<\/div>\n<p><!-- END REVOLUTION SLIDER --><\/div>\n","protected":false},"excerpt":{"rendered":"<p>Julien Tartre Chef\u00e0 Domicile Chef \u00e0 domicile, nous r\u00e9alisons vos envies les plus atypiques! Demander un devis en ligne ou appeler nous au 06 67 40 72 27<\/p>\n","protected":false},"author":1,"featured_media":4574,"parent":0,"menu_order":0,"comment_status":"open","ping_status":"open","template":"","meta":[],"yoast_head":"<!-- This site is optimized with the Yoast SEO plugin v19.9 - https:\/\/yoast.com\/wordpress\/plugins\/seo\/ -->\n<title>R\u00e9alisations - Julien Tartre Chef \u00e0 Domicile<\/title>\n<meta name=\"robots\" content=\"index, follow, max-snippet:-1, max-image-preview:large, max-video-preview:-1\" \/>\n<link rel=\"canonical\" href=\"https:\/\/chef-domicile.com\/index.php\/realisations\/\" \/>\n<meta property=\"og:locale\" content=\"fr_FR\" \/>\n<meta property=\"og:type\" content=\"article\" \/>\n<meta property=\"og:title\" content=\"R\u00e9alisations - Julien Tartre Chef \u00e0 Domicile\" \/>\n<meta property=\"og:description\" content=\"Julien Tartre Chef\u00e0 Domicile Chef \u00e0 domicile, nous r\u00e9alisons vos envies les plus atypiques! Demander un devis en ligne ou appeler nous au 06 67 40 72 27\" \/>\n<meta property=\"og:url\" content=\"https:\/\/chef-domicile.com\/index.php\/realisations\/\" \/>\n<meta property=\"og:site_name\" content=\"Julien Tartre Chef \u00e0 Domicile\" \/>\n<meta property=\"article:publisher\" content=\"https:\/\/www.facebook.com\/tartre.julien\/\" \/>\n<meta property=\"article:modified_time\" content=\"2017-06-27T13:14:41+00:00\" \/>\n<meta property=\"og:image\" content=\"https:\/\/chef-domicile.com\/wp-content\/uploads\/2015\/06\/Chef-Julien-3.jpg\" \/>\n\t<meta property=\"og:image:width\" content=\"2048\" \/>\n\t<meta property=\"og:image:height\" content=\"1365\" \/>\n\t<meta property=\"og:image:type\" content=\"image\/jpeg\" \/>\n<meta name=\"twitter:card\" content=\"summary_large_image\" \/>\n<script type=\"application\/ld+json\" class=\"yoast-schema-graph\">{\"@context\":\"https:\/\/schema.org\",\"@graph\":[{\"@type\":\"WebPage\",\"@id\":\"https:\/\/chef-domicile.com\/index.php\/realisations\/\",\"url\":\"https:\/\/chef-domicile.com\/index.php\/realisations\/\",\"name\":\"R\u00e9alisations - Julien Tartre Chef \u00e0 Domicile\",\"isPartOf\":{\"@id\":\"https:\/\/chef-domicile.com\/#website\"},\"datePublished\":\"2015-06-07T09:05:17+00:00\",\"dateModified\":\"2017-06-27T13:14:41+00:00\",\"breadcrumb\":{\"@id\":\"https:\/\/chef-domicile.com\/index.php\/realisations\/#breadcrumb\"},\"inLanguage\":\"fr-FR\",\"potentialAction\":[{\"@type\":\"ReadAction\",\"target\":[\"https:\/\/chef-domicile.com\/index.php\/realisations\/\"]}]},{\"@type\":\"BreadcrumbList\",\"@id\":\"https:\/\/chef-domicile.com\/index.php\/realisations\/#breadcrumb\",\"itemListElement\":[{\"@type\":\"ListItem\",\"position\":1,\"name\":\"Accueil\",\"item\":\"https:\/\/chef-domicile.com\/index.php\/fr\/accueil\/\"},{\"@type\":\"ListItem\",\"position\":2,\"name\":\"R\u00e9alisations\"}]},{\"@type\":\"WebSite\",\"@id\":\"https:\/\/chef-domicile.com\/#website\",\"url\":\"https:\/\/chef-domicile.com\/\",\"name\":\"Julien Tartre Chef \u00e0 Domicile\",\"description\":\"Cuisiner et faire Plaisir \u00e0 Poitiers\",\"publisher\":{\"@id\":\"https:\/\/chef-domicile.com\/#organization\"},\"potentialAction\":[{\"@type\":\"SearchAction\",\"target\":{\"@type\":\"EntryPoint\",\"urlTemplate\":\"https:\/\/chef-domicile.com\/?s={search_term_string}\"},\"query-input\":\"required name=search_term_string\"}],\"inLanguage\":\"fr-FR\"},{\"@type\":\"Organization\",\"@id\":\"https:\/\/chef-domicile.com\/#organization\",\"name\":\"Julien Tartre Chef \u00e0 Domicile\",\"url\":\"https:\/\/chef-domicile.com\/\",\"logo\":{\"@type\":\"ImageObject\",\"inLanguage\":\"fr-FR\",\"@id\":\"https:\/\/chef-domicile.com\/#\/schema\/logo\/image\/\",\"url\":\"https:\/\/chef-domicile.com\/wp-content\/uploads\/2017\/07\/logo-petit.png\",\"contentUrl\":\"https:\/\/chef-domicile.com\/wp-content\/uploads\/2017\/07\/logo-petit.png\",\"width\":150,\"height\":150,\"caption\":\"Julien Tartre Chef \u00e0 Domicile\"},\"image\":{\"@id\":\"https:\/\/chef-domicile.com\/#\/schema\/logo\/image\/\"},\"sameAs\":[\"https:\/\/www.facebook.com\/tartre.julien\/\"]}]}<\/script>\n<!-- \/ Yoast SEO plugin. -->","yoast_head_json":{"title":"R\u00e9alisations - Julien Tartre Chef \u00e0 Domicile","robots":{"index":"index","follow":"follow","max-snippet":"max-snippet:-1","max-image-preview":"max-image-preview:large","max-video-preview":"max-video-preview:-1"},"canonical":"https:\/\/chef-domicile.com\/index.php\/realisations\/","og_locale":"fr_FR","og_type":"article","og_title":"R\u00e9alisations - Julien Tartre Chef \u00e0 Domicile","og_description":"Julien Tartre Chef\u00e0 Domicile Chef \u00e0 domicile, nous r\u00e9alisons vos envies les plus atypiques! Demander un devis en ligne ou appeler nous au 06 67 40 72 27","og_url":"https:\/\/chef-domicile.com\/index.php\/realisations\/","og_site_name":"Julien Tartre Chef \u00e0 Domicile","article_publisher":"https:\/\/www.facebook.com\/tartre.julien\/","article_modified_time":"2017-06-27T13:14:41+00:00","og_image":[{"width":2048,"height":1365,"url":"https:\/\/chef-domicile.com\/wp-content\/uploads\/2015\/06\/Chef-Julien-3.jpg","type":"image\/jpeg"}],"twitter_card":"summary_large_image","schema":{"@context":"https:\/\/schema.org","@graph":[{"@type":"WebPage","@id":"https:\/\/chef-domicile.com\/index.php\/realisations\/","url":"https:\/\/chef-domicile.com\/index.php\/realisations\/","name":"R\u00e9alisations - Julien Tartre Chef \u00e0 Domicile","isPartOf":{"@id":"https:\/\/chef-domicile.com\/#website"},"datePublished":"2015-06-07T09:05:17+00:00","dateModified":"2017-06-27T13:14:41+00:00","breadcrumb":{"@id":"https:\/\/chef-domicile.com\/index.php\/realisations\/#breadcrumb"},"inLanguage":"fr-FR","potentialAction":[{"@type":"ReadAction","target":["https:\/\/chef-domicile.com\/index.php\/realisations\/"]}]},{"@type":"BreadcrumbList","@id":"https:\/\/chef-domicile.com\/index.php\/realisations\/#breadcrumb","itemListElement":[{"@type":"ListItem","position":1,"name":"Accueil","item":"https:\/\/chef-domicile.com\/index.php\/fr\/accueil\/"},{"@type":"ListItem","position":2,"name":"R\u00e9alisations"}]},{"@type":"WebSite","@id":"https:\/\/chef-domicile.com\/#website","url":"https:\/\/chef-domicile.com\/","name":"Julien Tartre Chef \u00e0 Domicile","description":"Cuisiner et faire Plaisir \u00e0 Poitiers","publisher":{"@id":"https:\/\/chef-domicile.com\/#organization"},"potentialAction":[{"@type":"SearchAction","target":{"@type":"EntryPoint","urlTemplate":"https:\/\/chef-domicile.com\/?s={search_term_string}"},"query-input":"required name=search_term_string"}],"inLanguage":"fr-FR"},{"@type":"Organization","@id":"https:\/\/chef-domicile.com\/#organization","name":"Julien Tartre Chef \u00e0 Domicile","url":"https:\/\/chef-domicile.com\/","logo":{"@type":"ImageObject","inLanguage":"fr-FR","@id":"https:\/\/chef-domicile.com\/#\/schema\/logo\/image\/","url":"https:\/\/chef-domicile.com\/wp-content\/uploads\/2017\/07\/logo-petit.png","contentUrl":"https:\/\/chef-domicile.com\/wp-content\/uploads\/2017\/07\/logo-petit.png","width":150,"height":150,"caption":"Julien Tartre Chef \u00e0 Domicile"},"image":{"@id":"https:\/\/chef-domicile.com\/#\/schema\/logo\/image\/"},"sameAs":["https:\/\/www.facebook.com\/tartre.julien\/"]}]}},"_links":{"self":[{"href":"https:\/\/chef-domicile.com\/index.php\/wp-json\/wp\/v2\/pages\/3561"}],"collection":[{"href":"https:\/\/chef-domicile.com\/index.php\/wp-json\/wp\/v2\/pages"}],"about":[{"href":"https:\/\/chef-domicile.com\/index.php\/wp-json\/wp\/v2\/types\/page"}],"author":[{"embeddable":true,"href":"https:\/\/chef-domicile.com\/index.php\/wp-json\/wp\/v2\/users\/1"}],"replies":[{"embeddable":true,"href":"https:\/\/chef-domicile.com\/index.php\/wp-json\/wp\/v2\/comments?post=3561"}],"version-history":[{"count":15,"href":"https:\/\/chef-domicile.com\/index.php\/wp-json\/wp\/v2\/pages\/3561\/revisions"}],"predecessor-version":[{"id":4601,"href":"https:\/\/chef-domicile.com\/index.php\/wp-json\/wp\/v2\/pages\/3561\/revisions\/4601"}],"wp:featuredmedia":[{"embeddable":true,"href":"https:\/\/chef-domicile.com\/index.php\/wp-json\/wp\/v2\/media\/4574"}],"wp:attachment":[{"href":"https:\/\/chef-domicile.com\/index.php\/wp-json\/wp\/v2\/media?parent=3561"}],"curies":[{"name":"wp","href":"https:\/\/api.w.org\/{rel}","templated":true}]}}