{"id":3620,"date":"2015-06-08T04:55:18","date_gmt":"2015-06-08T04:55:18","guid":{"rendered":"https:\/\/chef-domicile.com\/?page_id=3620"},"modified":"2020-01-16T19:24:28","modified_gmt":"2020-01-16T18:24:28","slug":"presentation","status":"publish","type":"page","link":"https:\/\/chef-domicile.com\/index.php\/fr\/presentation\/","title":{"rendered":"Pr\u00e9sentation"},"content":{"rendered":"<div  class=\"one\" style=\"position:relative;padding:0px 0 0px 0;\" >\n<div class=\"standard_wrapper\">\n<div class=\"page_content_wrapper\">\n<div class=\"inner\">\n<div class=\"one_half parallax_scroll\" style=\"width:50%;position:absolute;left:90px;padding:0px;z-index:2;block !important;background:#fff;\" data-stellar-ratio=\"1.3\">\n<h2 class=\"ppb_title\" ><span class=\"ppb_title_first\" >Pr\u00e9sentation<\/span>de Mon Savoir Faire<\/h2>\n<div class=\"page_header_sep left\" ><\/div>\n<p>Pr\u00e9sentation: Julien Tartre, <strong>Chef \u00e0 domicile<\/strong>, je vous propose mes services aussi bien pour des <strong>repas entre amis, en famille<\/strong> ( prestations d\u2019un restaurant \u00e0 votre domicile personnalis\u00e9es ) que des <strong>mariages<\/strong>, <strong>bapt\u00eames,<\/strong> <strong>anniversaires<\/strong>\u00a0et <strong>s\u00e9minaires<\/strong> et tout type d\u2019\u00e9v\u00e9nements.<\/p>\n<p>J\u2019aime r\u00e9pondre \u00e0 vos souhaits parfois atypiques o\u00f9 qui sortent de l\u2019ordinaire. J\u2019ai choisi ce m\u00e9tier pour \u00e9viter la routine et c\u2019est un plaisir de devoir m\u2019adapter \u00e0 vos envies !<\/p>\n<p><span style=\"font-family: Kristi; font-size: 40px; font-weight: 600;\">Julien Tartre<\/span><\/div>\n<div class=\"one_half parallax_scroll_image last\" style=\"width:50%;\"><\/div>\n<p><br class=\"clear\"\/><\/div>\n<\/div>\n<\/div>\n<\/div>\n<div  class=\"one\" style=\"position:relative;padding:0px 0 0px 0;\" >\n<div class=\"standard_wrapper\">\n<div class=\"page_content_wrapper\">\n<div class=\"inner\">\n<div class=\"one_half parallax_scroll\" style=\"width:50%;position:absolute;left:90px;padding:0px;z-index:2;block !important;background:#fff;\" data-stellar-ratio=\"1.3\">\n<h2 class=\"ppb_title\" ><span class=\"ppb_title_first\" >Ma<\/span>Biographie<\/h2>\n<div class=\"page_header_sep left\" ><\/div>\n<p>J&rsquo;ai commenc\u00e9 mon apprentissage chez Philippe Mercier, traiteur au Relais de l&rsquo;Aiguillon \u00e0 <a href=\"https:\/\/www.ville-chatellerault.fr\/\">Ch\u00e2tellerault<\/a> puis \u00e0 l\u2019H\u00f4tel Restaurant <a href=\"http:\/\/www.ribaudiere.com\/\">Le Clos de la Ribaudi\u00e8re<\/a> \u00e0 <a href=\"http:\/\/www.ville-chasseneuil-du-poitou.fr\/\">Chasseneuil du Poitou\u00a0<\/a>.<\/p>\n<p>Puis apr\u00e8s avoir eu mon bac pro j&rsquo;ai \u00e9t\u00e9 le second de Christian Rougier au Restaurant le Maxime pendant 2 ans o\u00f9 j&rsquo;ai beaucoup appris avant sa fermeture.<\/p>\n<p>Par la suite, j&rsquo;ai \u00e9t\u00e9 chef pendant 7 ans au <a href=\"http:\/\/manoirdebeauvoir.garrigae-resorts.fr\/\">Manoir de Beauvoir<\/a> \u00e0 Mignaloux Beauvoir.<\/p>\n<p>Mon savoir faire est puis\u00e9 dans\u00a0la cuisine gastronomique et traditionnelle fran\u00e7aise que je veux faire\u00a0partager. Je raffole\u00a0aussi des challenges lorsqu\u2019on me demande de faire des repas qui sortent de l&rsquo;ordinaire, v\u00e9g\u00e9taliens par exemple o\u00f9 sur des th\u00e8mes particuliers comme les repas R\u00e9unionnais.<\/p>\n<p>MA DEVISE: M&rsquo;ADAPTER A VOS ENVIES !<\/p>\n<p><span style=\"font-family: Kristi; font-size: 40px; font-weight: 600;\">Julien Tartre<\/span><\/div>\n<div class=\"one_half parallax_scroll_image last\" style=\"width:50%;\"><\/div>\n<p><br class=\"clear\"\/><\/div>\n<\/div>\n<\/div>\n<\/div>\n<div  class=\"one\" style=\"position:relative;padding:0px 0 0px 0;\" >\n<div class=\"standard_wrapper\">\n<div class=\"page_content_wrapper\">\n<div class=\"inner\">\n<div class=\"one_half parallax_scroll\" style=\"width:50%;position:absolute;left:90px;padding:0px;z-index:2;block !important;background:#fff;\" data-stellar-ratio=\"1.3\">\n<h2 class=\"ppb_title\" ><span class=\"ppb_title_first\" >Exp\u00e9rience<\/span>Culinaire <\/h2>\n<div class=\"page_header_sep left\" ><\/div>\n<p>Ma force, vous proposer des prestations adapt\u00e9es \u00e0 vos envies et \u00e0 vos attentes.<\/p>\n<p>Je vous propose mes Cocktails D\u00eenatoires, mes formules Mariages ou S\u00e9minaires ainsi que mes prestations de Chef \u00e0 Domicile.<\/p>\n<p>Je m&rsquo;occupe de tout et m&rsquo;adapte \u00e0 tout, j&rsquo;aime les challenges donc pas de peur tout est possible !<\/p><\/div>\n<div class=\"one_half parallax_scroll_image last\" style=\"width:50%;\"><\/div>\n<p><br class=\"clear\"\/><\/div>\n<\/div>\n<\/div>\n<\/div>\n<div  class=\"one withsmallpadding ppb_header \" style=\"text-align:left;padding:30px 0 30px 0;\" >\n<div class=\"standard_wrapper\">\n<div class=\"page_content_wrapper\">\n<div class=\"inner\">\n<div style=\"margin:auto;width:100%\">\n<h2 class=\"ppb_title\" style=\"\"><span class=\"ppb_title_first\" >Partenaires<\/span>et Fournisseurs<\/h2>\n<div class=\"page_header_sep left\"><\/div>\n<\/div>\n<\/div>\n<\/div>\n<\/div>\n<\/div>\n<div  class=\"one withsmallpadding ppb_header \" style=\"text-align:left;padding:30px 0 30px 0;\" >\n<div class=\"standard_wrapper\">\n<div class=\"page_content_wrapper\">\n<div class=\"inner\">\n<div style=\"margin:auto;width:100%\">\n<h2 class=\"ppb_title\" style=\"\"><span class=\"ppb_title_first\" >Partenaires<\/span>et Fournisseurs<\/h2>\n<div class=\"page_header_sep left\"><\/div>\n<\/div>\n<\/div>\n<\/div>\n<\/div>\n<\/div>\n<div  class=\"one withsmallpadding ppb_header \" style=\"text-align:left;padding:30px 0 30px 0;\" >\n<div class=\"standard_wrapper\">\n<div class=\"page_content_wrapper\">\n<div class=\"inner\">\n<div style=\"margin:auto;width:100%\">\n<h2 class=\"ppb_title\" style=\"\"><span class=\"ppb_title_first\" >Partenaires<\/span>et Fournisseurs<\/h2>\n<div class=\"page_header_sep left\"><\/div>\n<\/div>\n<\/div>\n<\/div>\n<\/div>\n<\/div>\n<div  class=\"one withsmallpadding ppb_header \" style=\"text-align:left;padding:30px 0 30px 0;\" >\n<div class=\"standard_wrapper\">\n<div class=\"page_content_wrapper\">\n<div class=\"inner\">\n<div style=\"margin:auto;width:100%\">\n<h2 class=\"ppb_title\" style=\"\"><span class=\"ppb_title_first\" >Partenaires<\/span>et Fournisseurs<\/h2>\n<div class=\"page_header_sep left\"><\/div>\n<\/div>\n<\/div>\n<\/div>\n<\/div>\n<\/div>\n<div  class=\"one\" style=\"position:relative;padding:0px 0 0px 0;\" >\n<div class=\"standard_wrapper\">\n<div>\n<div class=\"inner\">\n<div class=\"parallax_scroll\" style=\"width:50%;position:absolute;left:90px;background:#fff;padding:0px;z-index:2;block !important;\" data-stellar-ratio=\"1.3\">\n<h2 class=\"ppb_title\" >Coordonn\u00e9es<\/h2>\n<div class=\"page_header_sep left\" ><\/div>\n<p>Julien Tartre Chef \u00e0 Domicile<\/p>\n<p>06 67 40 70 27<\/p>\n<p>tartre.julien@gmail.com<\/p><\/div>\n<div class=\"parallax_scroll_image last\" id=\"map15791990681937956412\" style=\"width:50%;height:500px;float:right;\">\n<div class=\"map-marker\" ><\/div>\n<\/div>\n<p><br class=\"clear\"\/><\/div>\n<\/div>\n<\/div>\n<\/div>\n","protected":false},"excerpt":{"rendered":"<p>Pr\u00e9sentationde Mon Savoir Faire Pr\u00e9sentation: Julien Tartre, Chef \u00e0 domicile, je vous propose mes services aussi bien pour des repas entre amis, en famille ( prestations d\u2019un restaurant \u00e0 votre domicile personnalis\u00e9es ) que des mariages, bapt\u00eames, anniversaires\u00a0et s\u00e9minaires et [&hellip;]<\/p>\n","protected":false},"author":1,"featured_media":4575,"parent":0,"menu_order":0,"comment_status":"open","ping_status":"open","template":"","meta":[],"yoast_head":"<!-- This site is optimized with the Yoast SEO plugin v19.9 - https:\/\/yoast.com\/wordpress\/plugins\/seo\/ -->\n<title>Pr\u00e9sentation Biographie Julien Tartre Chef \u00e0 Domicile St Julien l&#039;Ars (86)<\/title>\n<meta name=\"description\" content=\"Pr\u00e9sentation Biographie Julien Tartre St Julien l&#039;Ars (86) Chef au Maxime avec Mr Christian Rougier | Chef au Manoir de Beauvoir | Clos de la Ribaudi\u00e8re\" \/>\n<meta name=\"robots\" content=\"index, follow, max-snippet:-1, max-image-preview:large, max-video-preview:-1\" \/>\n<link rel=\"canonical\" href=\"https:\/\/chef-domicile.com\/index.php\/fr\/presentation\/\" \/>\n<meta property=\"og:locale\" content=\"fr_FR\" \/>\n<meta property=\"og:type\" content=\"article\" \/>\n<meta property=\"og:title\" content=\"Pr\u00e9sentation Biographie Julien Tartre Chef \u00e0 Domicile St Julien l&#039;Ars (86)\" \/>\n<meta property=\"og:description\" content=\"Pr\u00e9sentation Biographie Julien Tartre St Julien l&#039;Ars (86) Chef au Maxime avec Mr Christian Rougier | Chef au Manoir de Beauvoir | Clos de la Ribaudi\u00e8re\" \/>\n<meta property=\"og:url\" content=\"https:\/\/chef-domicile.com\/index.php\/fr\/presentation\/\" \/>\n<meta property=\"og:site_name\" content=\"Julien Tartre Chef \u00e0 Domicile\" \/>\n<meta property=\"article:publisher\" content=\"https:\/\/www.facebook.com\/tartre.julien\/\" \/>\n<meta property=\"article:modified_time\" content=\"2020-01-16T18:24:28+00:00\" \/>\n<meta property=\"og:image\" content=\"https:\/\/chef-domicile.com\/wp-content\/uploads\/2015\/06\/Chef-Julien-4.jpg\" \/>\n\t<meta property=\"og:image:width\" content=\"2048\" \/>\n\t<meta property=\"og:image:height\" content=\"1365\" \/>\n\t<meta property=\"og:image:type\" content=\"image\/jpeg\" \/>\n<meta name=\"twitter:card\" content=\"summary_large_image\" \/>\n<meta name=\"twitter:label1\" content=\"Dur\u00e9e de lecture estim\u00e9e\" \/>\n\t<meta name=\"twitter:data1\" content=\"2 minutes\" \/>\n<script type=\"application\/ld+json\" class=\"yoast-schema-graph\">{\"@context\":\"https:\/\/schema.org\",\"@graph\":[{\"@type\":\"WebPage\",\"@id\":\"https:\/\/chef-domicile.com\/index.php\/fr\/presentation\/\",\"url\":\"https:\/\/chef-domicile.com\/index.php\/fr\/presentation\/\",\"name\":\"Pr\u00e9sentation Biographie Julien Tartre Chef \u00e0 Domicile St Julien l'Ars (86)\",\"isPartOf\":{\"@id\":\"https:\/\/chef-domicile.com\/#website\"},\"datePublished\":\"2015-06-08T04:55:18+00:00\",\"dateModified\":\"2020-01-16T18:24:28+00:00\",\"description\":\"Pr\u00e9sentation Biographie Julien Tartre St Julien l'Ars (86) Chef au Maxime avec Mr Christian Rougier | Chef au Manoir de Beauvoir | Clos de la Ribaudi\u00e8re\",\"breadcrumb\":{\"@id\":\"https:\/\/chef-domicile.com\/index.php\/fr\/presentation\/#breadcrumb\"},\"inLanguage\":\"fr-FR\",\"potentialAction\":[{\"@type\":\"ReadAction\",\"target\":[\"https:\/\/chef-domicile.com\/index.php\/fr\/presentation\/\"]}]},{\"@type\":\"BreadcrumbList\",\"@id\":\"https:\/\/chef-domicile.com\/index.php\/fr\/presentation\/#breadcrumb\",\"itemListElement\":[{\"@type\":\"ListItem\",\"position\":1,\"name\":\"Accueil\",\"item\":\"https:\/\/chef-domicile.com\/index.php\/fr\/accueil\/\"},{\"@type\":\"ListItem\",\"position\":2,\"name\":\"Pr\u00e9sentation\"}]},{\"@type\":\"WebSite\",\"@id\":\"https:\/\/chef-domicile.com\/#website\",\"url\":\"https:\/\/chef-domicile.com\/\",\"name\":\"Julien Tartre Chef \u00e0 Domicile\",\"description\":\"Cuisiner et faire Plaisir \u00e0 Poitiers\",\"publisher\":{\"@id\":\"https:\/\/chef-domicile.com\/#organization\"},\"potentialAction\":[{\"@type\":\"SearchAction\",\"target\":{\"@type\":\"EntryPoint\",\"urlTemplate\":\"https:\/\/chef-domicile.com\/?s={search_term_string}\"},\"query-input\":\"required name=search_term_string\"}],\"inLanguage\":\"fr-FR\"},{\"@type\":\"Organization\",\"@id\":\"https:\/\/chef-domicile.com\/#organization\",\"name\":\"Julien Tartre Chef \u00e0 Domicile\",\"url\":\"https:\/\/chef-domicile.com\/\",\"logo\":{\"@type\":\"ImageObject\",\"inLanguage\":\"fr-FR\",\"@id\":\"https:\/\/chef-domicile.com\/#\/schema\/logo\/image\/\",\"url\":\"https:\/\/chef-domicile.com\/wp-content\/uploads\/2017\/07\/logo-petit.png\",\"contentUrl\":\"https:\/\/chef-domicile.com\/wp-content\/uploads\/2017\/07\/logo-petit.png\",\"width\":150,\"height\":150,\"caption\":\"Julien Tartre Chef \u00e0 Domicile\"},\"image\":{\"@id\":\"https:\/\/chef-domicile.com\/#\/schema\/logo\/image\/\"},\"sameAs\":[\"https:\/\/www.facebook.com\/tartre.julien\/\"]}]}<\/script>\n<!-- \/ Yoast SEO plugin. -->","yoast_head_json":{"title":"Pr\u00e9sentation Biographie Julien Tartre Chef \u00e0 Domicile St Julien l'Ars (86)","description":"Pr\u00e9sentation Biographie Julien Tartre St Julien l'Ars (86) Chef au Maxime avec Mr Christian Rougier | Chef au Manoir de Beauvoir | Clos de la Ribaudi\u00e8re","robots":{"index":"index","follow":"follow","max-snippet":"max-snippet:-1","max-image-preview":"max-image-preview:large","max-video-preview":"max-video-preview:-1"},"canonical":"https:\/\/chef-domicile.com\/index.php\/fr\/presentation\/","og_locale":"fr_FR","og_type":"article","og_title":"Pr\u00e9sentation Biographie Julien Tartre Chef \u00e0 Domicile St Julien l'Ars (86)","og_description":"Pr\u00e9sentation Biographie Julien Tartre St Julien l'Ars (86) Chef au Maxime avec Mr Christian Rougier | Chef au Manoir de Beauvoir | Clos de la Ribaudi\u00e8re","og_url":"https:\/\/chef-domicile.com\/index.php\/fr\/presentation\/","og_site_name":"Julien Tartre Chef \u00e0 Domicile","article_publisher":"https:\/\/www.facebook.com\/tartre.julien\/","article_modified_time":"2020-01-16T18:24:28+00:00","og_image":[{"width":2048,"height":1365,"url":"https:\/\/chef-domicile.com\/wp-content\/uploads\/2015\/06\/Chef-Julien-4.jpg","type":"image\/jpeg"}],"twitter_card":"summary_large_image","twitter_misc":{"Dur\u00e9e de lecture estim\u00e9e":"2 minutes"},"schema":{"@context":"https:\/\/schema.org","@graph":[{"@type":"WebPage","@id":"https:\/\/chef-domicile.com\/index.php\/fr\/presentation\/","url":"https:\/\/chef-domicile.com\/index.php\/fr\/presentation\/","name":"Pr\u00e9sentation Biographie Julien Tartre Chef \u00e0 Domicile St Julien l'Ars (86)","isPartOf":{"@id":"https:\/\/chef-domicile.com\/#website"},"datePublished":"2015-06-08T04:55:18+00:00","dateModified":"2020-01-16T18:24:28+00:00","description":"Pr\u00e9sentation Biographie Julien Tartre St Julien l'Ars (86) Chef au Maxime avec Mr Christian Rougier | Chef au Manoir de Beauvoir | Clos de la Ribaudi\u00e8re","breadcrumb":{"@id":"https:\/\/chef-domicile.com\/index.php\/fr\/presentation\/#breadcrumb"},"inLanguage":"fr-FR","potentialAction":[{"@type":"ReadAction","target":["https:\/\/chef-domicile.com\/index.php\/fr\/presentation\/"]}]},{"@type":"BreadcrumbList","@id":"https:\/\/chef-domicile.com\/index.php\/fr\/presentation\/#breadcrumb","itemListElement":[{"@type":"ListItem","position":1,"name":"Accueil","item":"https:\/\/chef-domicile.com\/index.php\/fr\/accueil\/"},{"@type":"ListItem","position":2,"name":"Pr\u00e9sentation"}]},{"@type":"WebSite","@id":"https:\/\/chef-domicile.com\/#website","url":"https:\/\/chef-domicile.com\/","name":"Julien Tartre Chef \u00e0 Domicile","description":"Cuisiner et faire Plaisir \u00e0 Poitiers","publisher":{"@id":"https:\/\/chef-domicile.com\/#organization"},"potentialAction":[{"@type":"SearchAction","target":{"@type":"EntryPoint","urlTemplate":"https:\/\/chef-domicile.com\/?s={search_term_string}"},"query-input":"required name=search_term_string"}],"inLanguage":"fr-FR"},{"@type":"Organization","@id":"https:\/\/chef-domicile.com\/#organization","name":"Julien Tartre Chef \u00e0 Domicile","url":"https:\/\/chef-domicile.com\/","logo":{"@type":"ImageObject","inLanguage":"fr-FR","@id":"https:\/\/chef-domicile.com\/#\/schema\/logo\/image\/","url":"https:\/\/chef-domicile.com\/wp-content\/uploads\/2017\/07\/logo-petit.png","contentUrl":"https:\/\/chef-domicile.com\/wp-content\/uploads\/2017\/07\/logo-petit.png","width":150,"height":150,"caption":"Julien Tartre Chef \u00e0 Domicile"},"image":{"@id":"https:\/\/chef-domicile.com\/#\/schema\/logo\/image\/"},"sameAs":["https:\/\/www.facebook.com\/tartre.julien\/"]}]}},"_links":{"self":[{"href":"https:\/\/chef-domicile.com\/index.php\/wp-json\/wp\/v2\/pages\/3620"}],"collection":[{"href":"https:\/\/chef-domicile.com\/index.php\/wp-json\/wp\/v2\/pages"}],"about":[{"href":"https:\/\/chef-domicile.com\/index.php\/wp-json\/wp\/v2\/types\/page"}],"author":[{"embeddable":true,"href":"https:\/\/chef-domicile.com\/index.php\/wp-json\/wp\/v2\/users\/1"}],"replies":[{"embeddable":true,"href":"https:\/\/chef-domicile.com\/index.php\/wp-json\/wp\/v2\/comments?post=3620"}],"version-history":[{"count":108,"href":"https:\/\/chef-domicile.com\/index.php\/wp-json\/wp\/v2\/pages\/3620\/revisions"}],"predecessor-version":[{"id":5437,"href":"https:\/\/chef-domicile.com\/index.php\/wp-json\/wp\/v2\/pages\/3620\/revisions\/5437"}],"wp:featuredmedia":[{"embeddable":true,"href":"https:\/\/chef-domicile.com\/index.php\/wp-json\/wp\/v2\/media\/4575"}],"wp:attachment":[{"href":"https:\/\/chef-domicile.com\/index.php\/wp-json\/wp\/v2\/media?parent=3620"}],"curies":[{"name":"wp","href":"https:\/\/api.w.org\/{rel}","templated":true}]}}