{"id":3943,"date":"2015-06-10T05:11:11","date_gmt":"2015-06-10T05:11:11","guid":{"rendered":"https:\/\/chef-domicile.com\/?page_id=3943"},"modified":"2018-11-28T15:13:12","modified_gmt":"2018-11-28T14:13:12","slug":"accueil","status":"publish","type":"page","link":"https:\/\/chef-domicile.com\/index.php\/fr\/accueil\/","title":{"rendered":"Accueil"},"content":{"rendered":"","protected":false},"excerpt":{"rendered":"","protected":false},"author":1,"featured_media":0,"parent":0,"menu_order":0,"comment_status":"open","ping_status":"open","template":"","meta":[],"yoast_head":"<!-- This site is optimized with the Yoast SEO plugin v19.9 - https:\/\/yoast.com\/wordpress\/plugins\/seo\/ -->\n<title>Julien Tartre Chef \u00e0 Domicile Traiteur \u00e0 Poitiers Mariages Poitiers Vienne<\/title>\n<meta name=\"description\" content=\"Julien Tartre Chef \u00e0 Domicile Traiteur Poitiers Mariages S\u00e9minaires Cocktails Entreprise Poitiers Traiteur \u00e0 Poitiers Prestation \u00e0 Domicile\" \/>\n<meta name=\"robots\" content=\"index, follow, max-snippet:-1, max-image-preview:large, max-video-preview:-1\" \/>\n<link rel=\"canonical\" href=\"https:\/\/chef-domicile.com\/index.php\/fr\/accueil\/\" \/>\n<meta property=\"og:locale\" content=\"fr_FR\" \/>\n<meta property=\"og:type\" content=\"article\" \/>\n<meta property=\"og:title\" content=\"Julien Tartre Chef \u00e0 Domicile Chef Cuisinier Vienne (86)\" \/>\n<meta property=\"og:description\" content=\"Prestation \u00e0 Domicile, Mariage, S\u00e9minaire, D\u00e9placement \u00e0 l\u2019\u00e9tranger, Cocktail Entreprise,\" \/>\n<meta property=\"og:url\" content=\"https:\/\/chef-domicile.com\/index.php\/fr\/accueil\/\" \/>\n<meta property=\"og:site_name\" content=\"Julien Tartre Chef \u00e0 Domicile\" \/>\n<meta property=\"article:publisher\" content=\"https:\/\/www.facebook.com\/tartre.julien\/\" \/>\n<meta property=\"article:modified_time\" content=\"2018-11-28T14:13:12+00:00\" \/>\n<meta property=\"og:image\" content=\"https:\/\/chef-domicile.com\/wp-content\/uploads\/2015\/06\/Chef-Julien-13.jpg\" \/>\n<meta name=\"twitter:card\" content=\"summary_large_image\" \/>\n<script type=\"application\/ld+json\" class=\"yoast-schema-graph\">{\"@context\":\"https:\/\/schema.org\",\"@graph\":[{\"@type\":\"WebPage\",\"@id\":\"https:\/\/chef-domicile.com\/index.php\/fr\/accueil\/\",\"url\":\"https:\/\/chef-domicile.com\/index.php\/fr\/accueil\/\",\"name\":\"Julien Tartre Chef \u00e0 Domicile Traiteur \u00e0 Poitiers Mariages Poitiers Vienne\",\"isPartOf\":{\"@id\":\"https:\/\/chef-domicile.com\/#website\"},\"datePublished\":\"2015-06-10T05:11:11+00:00\",\"dateModified\":\"2018-11-28T14:13:12+00:00\",\"description\":\"Julien Tartre Chef \u00e0 Domicile Traiteur Poitiers Mariages S\u00e9minaires Cocktails Entreprise Poitiers Traiteur \u00e0 Poitiers Prestation \u00e0 Domicile\",\"breadcrumb\":{\"@id\":\"https:\/\/chef-domicile.com\/index.php\/fr\/accueil\/#breadcrumb\"},\"inLanguage\":\"fr-FR\",\"potentialAction\":[{\"@type\":\"ReadAction\",\"target\":[\"https:\/\/chef-domicile.com\/index.php\/fr\/accueil\/\"]}]},{\"@type\":\"BreadcrumbList\",\"@id\":\"https:\/\/chef-domicile.com\/index.php\/fr\/accueil\/#breadcrumb\",\"itemListElement\":[{\"@type\":\"ListItem\",\"position\":1,\"name\":\"Accueil\",\"item\":\"https:\/\/chef-domicile.com\/index.php\/fr\/accueil\/\"},{\"@type\":\"ListItem\",\"position\":2,\"name\":\"Accueil\"}]},{\"@type\":\"WebSite\",\"@id\":\"https:\/\/chef-domicile.com\/#website\",\"url\":\"https:\/\/chef-domicile.com\/\",\"name\":\"Julien Tartre Chef \u00e0 Domicile\",\"description\":\"Cuisiner et faire Plaisir \u00e0 Poitiers\",\"publisher\":{\"@id\":\"https:\/\/chef-domicile.com\/#organization\"},\"potentialAction\":[{\"@type\":\"SearchAction\",\"target\":{\"@type\":\"EntryPoint\",\"urlTemplate\":\"https:\/\/chef-domicile.com\/?s={search_term_string}\"},\"query-input\":\"required name=search_term_string\"}],\"inLanguage\":\"fr-FR\"},{\"@type\":\"Organization\",\"@id\":\"https:\/\/chef-domicile.com\/#organization\",\"name\":\"Julien Tartre Chef \u00e0 Domicile\",\"url\":\"https:\/\/chef-domicile.com\/\",\"logo\":{\"@type\":\"ImageObject\",\"inLanguage\":\"fr-FR\",\"@id\":\"https:\/\/chef-domicile.com\/#\/schema\/logo\/image\/\",\"url\":\"https:\/\/chef-domicile.com\/wp-content\/uploads\/2017\/07\/logo-petit.png\",\"contentUrl\":\"https:\/\/chef-domicile.com\/wp-content\/uploads\/2017\/07\/logo-petit.png\",\"width\":150,\"height\":150,\"caption\":\"Julien Tartre Chef \u00e0 Domicile\"},\"image\":{\"@id\":\"https:\/\/chef-domicile.com\/#\/schema\/logo\/image\/\"},\"sameAs\":[\"https:\/\/www.facebook.com\/tartre.julien\/\"]}]}<\/script>\n<!-- \/ Yoast SEO plugin. -->","yoast_head_json":{"title":"Julien Tartre Chef \u00e0 Domicile Traiteur \u00e0 Poitiers Mariages Poitiers Vienne","description":"Julien Tartre Chef \u00e0 Domicile Traiteur Poitiers Mariages S\u00e9minaires Cocktails Entreprise Poitiers Traiteur \u00e0 Poitiers Prestation \u00e0 Domicile","robots":{"index":"index","follow":"follow","max-snippet":"max-snippet:-1","max-image-preview":"max-image-preview:large","max-video-preview":"max-video-preview:-1"},"canonical":"https:\/\/chef-domicile.com\/index.php\/fr\/accueil\/","og_locale":"fr_FR","og_type":"article","og_title":"Julien Tartre Chef \u00e0 Domicile Chef Cuisinier Vienne (86)","og_description":"Prestation \u00e0 Domicile, Mariage, S\u00e9minaire, D\u00e9placement \u00e0 l\u2019\u00e9tranger, Cocktail Entreprise,","og_url":"https:\/\/chef-domicile.com\/index.php\/fr\/accueil\/","og_site_name":"Julien Tartre Chef \u00e0 Domicile","article_publisher":"https:\/\/www.facebook.com\/tartre.julien\/","article_modified_time":"2018-11-28T14:13:12+00:00","og_image":[{"url":"https:\/\/chef-domicile.com\/wp-content\/uploads\/2015\/06\/Chef-Julien-13.jpg"}],"twitter_card":"summary_large_image","schema":{"@context":"https:\/\/schema.org","@graph":[{"@type":"WebPage","@id":"https:\/\/chef-domicile.com\/index.php\/fr\/accueil\/","url":"https:\/\/chef-domicile.com\/index.php\/fr\/accueil\/","name":"Julien Tartre Chef \u00e0 Domicile Traiteur \u00e0 Poitiers Mariages Poitiers Vienne","isPartOf":{"@id":"https:\/\/chef-domicile.com\/#website"},"datePublished":"2015-06-10T05:11:11+00:00","dateModified":"2018-11-28T14:13:12+00:00","description":"Julien Tartre Chef \u00e0 Domicile Traiteur Poitiers Mariages S\u00e9minaires Cocktails Entreprise Poitiers Traiteur \u00e0 Poitiers Prestation \u00e0 Domicile","breadcrumb":{"@id":"https:\/\/chef-domicile.com\/index.php\/fr\/accueil\/#breadcrumb"},"inLanguage":"fr-FR","potentialAction":[{"@type":"ReadAction","target":["https:\/\/chef-domicile.com\/index.php\/fr\/accueil\/"]}]},{"@type":"BreadcrumbList","@id":"https:\/\/chef-domicile.com\/index.php\/fr\/accueil\/#breadcrumb","itemListElement":[{"@type":"ListItem","position":1,"name":"Accueil","item":"https:\/\/chef-domicile.com\/index.php\/fr\/accueil\/"},{"@type":"ListItem","position":2,"name":"Accueil"}]},{"@type":"WebSite","@id":"https:\/\/chef-domicile.com\/#website","url":"https:\/\/chef-domicile.com\/","name":"Julien Tartre Chef \u00e0 Domicile","description":"Cuisiner et faire Plaisir \u00e0 Poitiers","publisher":{"@id":"https:\/\/chef-domicile.com\/#organization"},"potentialAction":[{"@type":"SearchAction","target":{"@type":"EntryPoint","urlTemplate":"https:\/\/chef-domicile.com\/?s={search_term_string}"},"query-input":"required name=search_term_string"}],"inLanguage":"fr-FR"},{"@type":"Organization","@id":"https:\/\/chef-domicile.com\/#organization","name":"Julien Tartre Chef \u00e0 Domicile","url":"https:\/\/chef-domicile.com\/","logo":{"@type":"ImageObject","inLanguage":"fr-FR","@id":"https:\/\/chef-domicile.com\/#\/schema\/logo\/image\/","url":"https:\/\/chef-domicile.com\/wp-content\/uploads\/2017\/07\/logo-petit.png","contentUrl":"https:\/\/chef-domicile.com\/wp-content\/uploads\/2017\/07\/logo-petit.png","width":150,"height":150,"caption":"Julien Tartre Chef \u00e0 Domicile"},"image":{"@id":"https:\/\/chef-domicile.com\/#\/schema\/logo\/image\/"},"sameAs":["https:\/\/www.facebook.com\/tartre.julien\/"]}]}},"_links":{"self":[{"href":"https:\/\/chef-domicile.com\/index.php\/wp-json\/wp\/v2\/pages\/3943"}],"collection":[{"href":"https:\/\/chef-domicile.com\/index.php\/wp-json\/wp\/v2\/pages"}],"about":[{"href":"https:\/\/chef-domicile.com\/index.php\/wp-json\/wp\/v2\/types\/page"}],"author":[{"embeddable":true,"href":"https:\/\/chef-domicile.com\/index.php\/wp-json\/wp\/v2\/users\/1"}],"replies":[{"embeddable":true,"href":"https:\/\/chef-domicile.com\/index.php\/wp-json\/wp\/v2\/comments?post=3943"}],"version-history":[{"count":24,"href":"https:\/\/chef-domicile.com\/index.php\/wp-json\/wp\/v2\/pages\/3943\/revisions"}],"predecessor-version":[{"id":5381,"href":"https:\/\/chef-domicile.com\/index.php\/wp-json\/wp\/v2\/pages\/3943\/revisions\/5381"}],"wp:attachment":[{"href":"https:\/\/chef-domicile.com\/index.php\/wp-json\/wp\/v2\/media?parent=3943"}],"curies":[{"name":"wp","href":"https:\/\/api.w.org\/{rel}","templated":true}]}}