{"id":5079,"date":"2017-10-02T17:28:57","date_gmt":"2017-10-02T15:28:57","guid":{"rendered":"https:\/\/chef-domicile.com\/?page_id=5079"},"modified":"2020-01-16T19:18:34","modified_gmt":"2020-01-16T18:18:34","slug":"contact-us","status":"publish","type":"page","link":"https:\/\/chef-domicile.com\/index.php\/en\/contact-us\/","title":{"rendered":"Contact Us"},"content":{"rendered":"<div  class=\"one withsmallpadding ppb_text\" style=\"padding:30px 0 30px 0;\" >\n<div class=\"standard_wrapper\">\n<div class=\"page_content_wrapper\">\n<div class=\"inner\">\n<div style=\"margin:auto;width:100%\">\n<p>Wedding day ? Cook training ? Baptisms ? Abroad France ? Birthday ?<\/p>\n<p>Please contact us\u00a0for more information about our\u00a0Meal Menu, Brunch menu or Cocktail menu\u00a0and our availability.<\/p>\n<pre id=\"tw-target-text\" class=\"tw-data-text tw-ta tw-text-large\" dir=\"ltr\" style=\"color: #212121;\" data-placeholder=\"Traduction\" data-fulltext=\"\"><\/pre>\n<\/div>\n<\/div>\n<\/div>\n<\/div>\n<\/div>\n<div  class=\"one withsmallpadding ppb_text\" style=\"padding:30px 0 30px 0;\" >\n<div class=\"standard_wrapper\">\n<div class=\"page_content_wrapper\">\n<div class=\"inner\">\n<div style=\"margin:auto;width:100%\">\n<p>I propose you to write us that help us to understand your request at\u00a0tartre.julien@gmail.com or by contact form below.<\/p>\n<p>We will come back to you as soon as posible.<\/p>\n<p>Thank You<\/p>\n<div id=\"gtx-trans\" style=\"position: absolute; left: 71px; top: 14.6667px;\"><\/div>\n<\/div>\n<\/div>\n<\/div>\n<\/div>\n<\/div>\n<div  class=\"one\" style=\"position:relative;padding:0px 0 0px 0;\" >\n<div class=\"standard_wrapper\">\n<div class=\"page_content_wrapper\">\n<div class=\"inner\">\n<div class=\"one_half parallax_scroll\" style=\"width:50%;position:absolute;left:90px;background:#fff;padding:0px;z-index:2;block !important;\" data-stellar-ratio=\"1.3\">\n<h2 class=\"ppb_title\" >Contact<\/h2>\n<div class=\"page_header_sep left\" ><\/div>\n<p>Julien Tartre Chef \u00e0 Domicile | Chef Cuisinier<\/p>\n<p>13 Rue de la Vall\u00e9e d&rsquo;Anguin 86800 Saint Julien l&rsquo;Ars France Poitiers (Vienne 86)<\/p>\n<p>06 67 40 70 27\u00a0&#8211; tartre.julien@gmail.com<\/p>\n<p>https:\/\/www.chef-domicile.com<\/p>\n<div id=\"reponse_msg_15791987141348861307\" class=\"contact_form_response\">\n<ul><\/ul>\n<\/div>\n<form id=\"contact_form_15791987141348861307\" class=\"contact_form_wrapper\" method=\"post\" action=\"\/wp-admin\/admin-ajax.php\"><input type=\"hidden\" id=\"action\" name=\"action\" value=\"pp_contact_mailer\"\/><label for=\"your_name\">Name *<\/label><br \/>\n\t    \t\t\t\t<input id=\"your_name\" name=\"your_name\" type=\"text\" class=\"required_field\" placeholder=\"Name *\"\/><br \/>\n\t    \t\t\t\t<label for=\"email\">Email *<\/label><br \/>\n\t    \t\t\t\t<input id=\"email\" name=\"email\" type=\"text\" class=\"required_field email\" placeholder=\"Email *\"\/><br \/>\n\t    \t\t\t\t<label for=\"phone\">Phone<\/label><br \/>\n\t    \t\t\t\t<input id=\"phone\" name=\"phone\" type=\"text\" placeholder=\"Phone\"\/><br \/>\n\t    \t\t\t\t<label for=\"message\">Message *<\/label><br \/>\n\t    \t\t\t\t<textarea id=\"message\" name=\"message\" rows=\"7\" cols=\"10\" class=\"required_field\" style=\"width:95.5%;\" placeholder=\"Message *\"><\/textarea><\/p>\n<div id=\"captcha-wrap\">\n<div class=\"captcha-box\">\n\t    \t\t\t<img decoding=\"async\" src=\"https:\/\/chef-domicile.com\/wp-content\/themes\/grandrestaurant\/get_captcha.php\" alt=\"\" id=\"captcha\" \/>\n\t    \t\t<\/div>\n<div class=\"text-box\">\n\t    \t\t\t<label>Type the two words:<\/label><br \/>\n\t    \t\t\t<input name=\"captcha-code\" type=\"text\" id=\"captcha-code\">\n\t    \t\t<\/div>\n<div class=\"captcha-action\">\n\t    \t\t\t<img decoding=\"async\" src=\"https:\/\/chef-domicile.com\/wp-content\/themes\/grandrestaurant\/images\/refresh.jpg\"  alt=\"\" id=\"captcha-refresh\" \/>\n\t    \t\t<\/div>\n<\/p><\/div>\n<p>\t    \t<br class=\"clear\"\/><\/p>\n<p><\/p>\n<div class=\"contact_submit_wrapper\">\n\t    \t<input id=\"contact_submit_btn15791987141348861307\" name=\"contact_submit_btn15791987141348861307\" type=\"submit\" class=\"solidbg\" value=\"Send\"\/>\n\t    <\/div>\n<\/form>\n<\/div>\n<div class=\"one_half parallax_scroll_image last\" style=\"width:50%;\"><\/div>\n<p><br class=\"clear\"\/><\/div>\n<\/div>\n<\/div>\n<\/div>\n<div  class=\"one\" style=\"position:relative;padding:0px 0 0px 0;\" >\n<div class=\"standard_wrapper\">\n<div class=\"page_content_wrapper\">\n<div class=\"inner\">\n<div class=\"one_half parallax_scroll\" style=\"width:50%;position:absolute;left:90px;background:#fff;padding:0px;z-index:2;block !important;\" data-stellar-ratio=\"1.3\">\n<h2 class=\"ppb_title\" >Contact<\/h2>\n<div class=\"page_header_sep left\" ><\/div>\n<p>Julien Tartre Chef \u00e0 Domicile | Chef Cuisinier<\/p>\n<p>13 Rue de la Vall\u00e9e d&rsquo;Anguin 86800 Saint Julien l&rsquo;Ars France Poitiers (Vienne 86)<\/p>\n<p>06 67 40 70 27\u00a0&#8211; tartre.julien@gmail.com<\/p>\n<p>https:\/\/www.chef-domicile.com<\/p>\n<div id=\"reponse_msg_1579198714340555487\" class=\"contact_form_response\">\n<ul><\/ul>\n<\/div>\n<form id=\"contact_form_1579198714340555487\" class=\"contact_form_wrapper\" method=\"post\" action=\"\/wp-admin\/admin-ajax.php\"><input type=\"hidden\" id=\"action\" name=\"action\" value=\"pp_contact_mailer\"\/><label for=\"your_name\">Name *<\/label><br \/>\n\t    \t\t\t\t<input id=\"your_name\" name=\"your_name\" type=\"text\" class=\"required_field\" placeholder=\"Name *\"\/><br \/>\n\t    \t\t\t\t<label for=\"email\">Email *<\/label><br \/>\n\t    \t\t\t\t<input id=\"email\" name=\"email\" type=\"text\" class=\"required_field email\" placeholder=\"Email *\"\/><br \/>\n\t    \t\t\t\t<label for=\"phone\">Phone<\/label><br \/>\n\t    \t\t\t\t<input id=\"phone\" name=\"phone\" type=\"text\" placeholder=\"Phone\"\/><br \/>\n\t    \t\t\t\t<label for=\"message\">Message *<\/label><br \/>\n\t    \t\t\t\t<textarea id=\"message\" name=\"message\" rows=\"7\" cols=\"10\" class=\"required_field\" style=\"width:95.5%;\" placeholder=\"Message *\"><\/textarea><\/p>\n<div id=\"captcha-wrap\">\n<div class=\"captcha-box\">\n\t    \t\t\t<img decoding=\"async\" src=\"https:\/\/chef-domicile.com\/wp-content\/themes\/grandrestaurant\/get_captcha.php\" alt=\"\" id=\"captcha\" \/>\n\t    \t\t<\/div>\n<div class=\"text-box\">\n\t    \t\t\t<label>Type the two words:<\/label><br \/>\n\t    \t\t\t<input name=\"captcha-code\" type=\"text\" id=\"captcha-code\">\n\t    \t\t<\/div>\n<div class=\"captcha-action\">\n\t    \t\t\t<img decoding=\"async\" src=\"https:\/\/chef-domicile.com\/wp-content\/themes\/grandrestaurant\/images\/refresh.jpg\"  alt=\"\" id=\"captcha-refresh\" \/>\n\t    \t\t<\/div>\n<\/p><\/div>\n<p>\t    \t<br class=\"clear\"\/><\/p>\n<p><\/p>\n<div class=\"contact_submit_wrapper\">\n\t    \t<input id=\"contact_submit_btn1579198714340555487\" name=\"contact_submit_btn1579198714340555487\" type=\"submit\" class=\"solidbg\" value=\"Send\"\/>\n\t    <\/div>\n<\/form>\n<\/div>\n<div class=\"one_half parallax_scroll_image last\" style=\"width:50%;\"><\/div>\n<p><br class=\"clear\"\/><\/div>\n<\/div>\n<\/div>\n<\/div>\n<div  class=\"one\" style=\"position:relative;padding:0px 0 0px 0;\" >\n<div class=\"standard_wrapper\">\n<div>\n<div class=\"inner\">\n<div class=\"parallax_scroll\" style=\"width:50%;position:absolute;left:90px;background:#fff;padding:0px;z-index:2;block !important;\" data-stellar-ratio=\"1.3\">\n<h2 class=\"ppb_title\" ><span class=\"ppb_title_first\" >Julien<\/span>TARTRE<\/h2>\n<div class=\"page_header_sep left\" ><\/div>\n<\/div>\n<div class=\"parallax_scroll_image last\" id=\"map1579198714149057673\" style=\"width:50%;height:500px;float:right;\">\n<div class=\"map-marker\" ><\/div>\n<\/div>\n<p><br class=\"clear\"\/><\/div>\n<\/div>\n<\/div>\n<\/div>\n","protected":false},"excerpt":{"rendered":"<p>Wedding day ? Cook training ? Baptisms ? Abroad France ? Birthday ? Please contact us\u00a0for more information about our\u00a0Meal Menu, Brunch menu or Cocktail menu\u00a0and our availability. I propose you to write us that help us to understand your [&hellip;]<\/p>\n","protected":false},"author":2,"featured_media":4575,"parent":0,"menu_order":0,"comment_status":"open","ping_status":"open","template":"","meta":[],"yoast_head":"<!-- This site is optimized with the Yoast SEO plugin v19.9 - https:\/\/yoast.com\/wordpress\/plugins\/seo\/ -->\n<title>Contact Julien Tartre Chef \u00e0 domicile Saint Julien l&#039;Ars (86) 06 67 40 70 27<\/title>\n<meta name=\"description\" content=\"Contact Julien Tartre Chef \u00e0 domicile Chef Cuisinier 06 67 40 70 27 Poitiers Vienne (86) 13 Rue de la Vall\u00e9e d&#039;Anguin 86800 Saint Julien l&#039;Ars\" \/>\n<meta name=\"robots\" content=\"index, follow, max-snippet:-1, max-image-preview:large, max-video-preview:-1\" \/>\n<link rel=\"canonical\" href=\"https:\/\/chef-domicile.com\/index.php\/en\/contact-us\/\" \/>\n<meta property=\"og:locale\" content=\"fr_FR\" \/>\n<meta property=\"og:type\" content=\"article\" \/>\n<meta property=\"og:title\" content=\"Contact Julien Tartre Chef \u00e0 domicile Saint Julien l&#039;Ars (86) 06 67 40 70 27\" \/>\n<meta property=\"og:description\" content=\"Contact Julien Tartre Chef \u00e0 domicile Chef Cuisinier 06 67 40 70 27 Poitiers Vienne (86) 13 Rue de la Vall\u00e9e d&#039;Anguin 86800 Saint Julien l&#039;Ars\" \/>\n<meta property=\"og:url\" content=\"https:\/\/chef-domicile.com\/index.php\/en\/contact-us\/\" \/>\n<meta property=\"og:site_name\" content=\"Julien Tartre Chef \u00e0 Domicile\" \/>\n<meta property=\"article:publisher\" content=\"https:\/\/www.facebook.com\/tartre.julien\/\" \/>\n<meta property=\"article:modified_time\" content=\"2020-01-16T18:18:34+00:00\" \/>\n<meta property=\"og:image\" content=\"https:\/\/chef-domicile.com\/wp-content\/uploads\/2015\/06\/Chef-Julien-4.jpg\" \/>\n\t<meta property=\"og:image:width\" content=\"2048\" \/>\n\t<meta property=\"og:image:height\" content=\"1365\" \/>\n\t<meta property=\"og:image:type\" content=\"image\/jpeg\" \/>\n<meta name=\"twitter:card\" content=\"summary_large_image\" \/>\n<meta name=\"twitter:label1\" content=\"Dur\u00e9e de lecture estim\u00e9e\" \/>\n\t<meta name=\"twitter:data1\" content=\"1 minute\" \/>\n<script type=\"application\/ld+json\" class=\"yoast-schema-graph\">{\"@context\":\"https:\/\/schema.org\",\"@graph\":[{\"@type\":\"WebPage\",\"@id\":\"https:\/\/chef-domicile.com\/index.php\/en\/contact-us\/\",\"url\":\"https:\/\/chef-domicile.com\/index.php\/en\/contact-us\/\",\"name\":\"Contact Julien Tartre Chef \u00e0 domicile Saint Julien l'Ars (86) 06 67 40 70 27\",\"isPartOf\":{\"@id\":\"https:\/\/chef-domicile.com\/#website\"},\"datePublished\":\"2017-10-02T15:28:57+00:00\",\"dateModified\":\"2020-01-16T18:18:34+00:00\",\"description\":\"Contact Julien Tartre Chef \u00e0 domicile Chef Cuisinier 06 67 40 70 27 Poitiers Vienne (86) 13 Rue de la Vall\u00e9e d'Anguin 86800 Saint Julien l'Ars\",\"breadcrumb\":{\"@id\":\"https:\/\/chef-domicile.com\/index.php\/en\/contact-us\/#breadcrumb\"},\"inLanguage\":\"fr-FR\",\"potentialAction\":[{\"@type\":\"ReadAction\",\"target\":[\"https:\/\/chef-domicile.com\/index.php\/en\/contact-us\/\"]}]},{\"@type\":\"BreadcrumbList\",\"@id\":\"https:\/\/chef-domicile.com\/index.php\/en\/contact-us\/#breadcrumb\",\"itemListElement\":[{\"@type\":\"ListItem\",\"position\":1,\"name\":\"Accueil\",\"item\":\"https:\/\/chef-domicile.com\/index.php\/fr\/accueil\/\"},{\"@type\":\"ListItem\",\"position\":2,\"name\":\"Contact Us\"}]},{\"@type\":\"WebSite\",\"@id\":\"https:\/\/chef-domicile.com\/#website\",\"url\":\"https:\/\/chef-domicile.com\/\",\"name\":\"Julien Tartre Chef \u00e0 Domicile\",\"description\":\"Cuisiner et faire Plaisir \u00e0 Poitiers\",\"publisher\":{\"@id\":\"https:\/\/chef-domicile.com\/#organization\"},\"potentialAction\":[{\"@type\":\"SearchAction\",\"target\":{\"@type\":\"EntryPoint\",\"urlTemplate\":\"https:\/\/chef-domicile.com\/?s={search_term_string}\"},\"query-input\":\"required name=search_term_string\"}],\"inLanguage\":\"fr-FR\"},{\"@type\":\"Organization\",\"@id\":\"https:\/\/chef-domicile.com\/#organization\",\"name\":\"Julien Tartre Chef \u00e0 Domicile\",\"url\":\"https:\/\/chef-domicile.com\/\",\"logo\":{\"@type\":\"ImageObject\",\"inLanguage\":\"fr-FR\",\"@id\":\"https:\/\/chef-domicile.com\/#\/schema\/logo\/image\/\",\"url\":\"https:\/\/chef-domicile.com\/wp-content\/uploads\/2017\/07\/logo-petit.png\",\"contentUrl\":\"https:\/\/chef-domicile.com\/wp-content\/uploads\/2017\/07\/logo-petit.png\",\"width\":150,\"height\":150,\"caption\":\"Julien Tartre Chef \u00e0 Domicile\"},\"image\":{\"@id\":\"https:\/\/chef-domicile.com\/#\/schema\/logo\/image\/\"},\"sameAs\":[\"https:\/\/www.facebook.com\/tartre.julien\/\"]}]}<\/script>\n<!-- \/ Yoast SEO plugin. -->","yoast_head_json":{"title":"Contact Julien Tartre Chef \u00e0 domicile Saint Julien l'Ars (86) 06 67 40 70 27","description":"Contact Julien Tartre Chef \u00e0 domicile Chef Cuisinier 06 67 40 70 27 Poitiers Vienne (86) 13 Rue de la Vall\u00e9e d'Anguin 86800 Saint Julien l'Ars","robots":{"index":"index","follow":"follow","max-snippet":"max-snippet:-1","max-image-preview":"max-image-preview:large","max-video-preview":"max-video-preview:-1"},"canonical":"https:\/\/chef-domicile.com\/index.php\/en\/contact-us\/","og_locale":"fr_FR","og_type":"article","og_title":"Contact Julien Tartre Chef \u00e0 domicile Saint Julien l'Ars (86) 06 67 40 70 27","og_description":"Contact Julien Tartre Chef \u00e0 domicile Chef Cuisinier 06 67 40 70 27 Poitiers Vienne (86) 13 Rue de la Vall\u00e9e d'Anguin 86800 Saint Julien l'Ars","og_url":"https:\/\/chef-domicile.com\/index.php\/en\/contact-us\/","og_site_name":"Julien Tartre Chef \u00e0 Domicile","article_publisher":"https:\/\/www.facebook.com\/tartre.julien\/","article_modified_time":"2020-01-16T18:18:34+00:00","og_image":[{"width":2048,"height":1365,"url":"https:\/\/chef-domicile.com\/wp-content\/uploads\/2015\/06\/Chef-Julien-4.jpg","type":"image\/jpeg"}],"twitter_card":"summary_large_image","twitter_misc":{"Dur\u00e9e de lecture estim\u00e9e":"1 minute"},"schema":{"@context":"https:\/\/schema.org","@graph":[{"@type":"WebPage","@id":"https:\/\/chef-domicile.com\/index.php\/en\/contact-us\/","url":"https:\/\/chef-domicile.com\/index.php\/en\/contact-us\/","name":"Contact Julien Tartre Chef \u00e0 domicile Saint Julien l'Ars (86) 06 67 40 70 27","isPartOf":{"@id":"https:\/\/chef-domicile.com\/#website"},"datePublished":"2017-10-02T15:28:57+00:00","dateModified":"2020-01-16T18:18:34+00:00","description":"Contact Julien Tartre Chef \u00e0 domicile Chef Cuisinier 06 67 40 70 27 Poitiers Vienne (86) 13 Rue de la Vall\u00e9e d'Anguin 86800 Saint Julien l'Ars","breadcrumb":{"@id":"https:\/\/chef-domicile.com\/index.php\/en\/contact-us\/#breadcrumb"},"inLanguage":"fr-FR","potentialAction":[{"@type":"ReadAction","target":["https:\/\/chef-domicile.com\/index.php\/en\/contact-us\/"]}]},{"@type":"BreadcrumbList","@id":"https:\/\/chef-domicile.com\/index.php\/en\/contact-us\/#breadcrumb","itemListElement":[{"@type":"ListItem","position":1,"name":"Accueil","item":"https:\/\/chef-domicile.com\/index.php\/fr\/accueil\/"},{"@type":"ListItem","position":2,"name":"Contact Us"}]},{"@type":"WebSite","@id":"https:\/\/chef-domicile.com\/#website","url":"https:\/\/chef-domicile.com\/","name":"Julien Tartre Chef \u00e0 Domicile","description":"Cuisiner et faire Plaisir \u00e0 Poitiers","publisher":{"@id":"https:\/\/chef-domicile.com\/#organization"},"potentialAction":[{"@type":"SearchAction","target":{"@type":"EntryPoint","urlTemplate":"https:\/\/chef-domicile.com\/?s={search_term_string}"},"query-input":"required name=search_term_string"}],"inLanguage":"fr-FR"},{"@type":"Organization","@id":"https:\/\/chef-domicile.com\/#organization","name":"Julien Tartre Chef \u00e0 Domicile","url":"https:\/\/chef-domicile.com\/","logo":{"@type":"ImageObject","inLanguage":"fr-FR","@id":"https:\/\/chef-domicile.com\/#\/schema\/logo\/image\/","url":"https:\/\/chef-domicile.com\/wp-content\/uploads\/2017\/07\/logo-petit.png","contentUrl":"https:\/\/chef-domicile.com\/wp-content\/uploads\/2017\/07\/logo-petit.png","width":150,"height":150,"caption":"Julien Tartre Chef \u00e0 Domicile"},"image":{"@id":"https:\/\/chef-domicile.com\/#\/schema\/logo\/image\/"},"sameAs":["https:\/\/www.facebook.com\/tartre.julien\/"]}]}},"_links":{"self":[{"href":"https:\/\/chef-domicile.com\/index.php\/wp-json\/wp\/v2\/pages\/5079"}],"collection":[{"href":"https:\/\/chef-domicile.com\/index.php\/wp-json\/wp\/v2\/pages"}],"about":[{"href":"https:\/\/chef-domicile.com\/index.php\/wp-json\/wp\/v2\/types\/page"}],"author":[{"embeddable":true,"href":"https:\/\/chef-domicile.com\/index.php\/wp-json\/wp\/v2\/users\/2"}],"replies":[{"embeddable":true,"href":"https:\/\/chef-domicile.com\/index.php\/wp-json\/wp\/v2\/comments?post=5079"}],"version-history":[{"count":12,"href":"https:\/\/chef-domicile.com\/index.php\/wp-json\/wp\/v2\/pages\/5079\/revisions"}],"predecessor-version":[{"id":5431,"href":"https:\/\/chef-domicile.com\/index.php\/wp-json\/wp\/v2\/pages\/5079\/revisions\/5431"}],"wp:featuredmedia":[{"embeddable":true,"href":"https:\/\/chef-domicile.com\/index.php\/wp-json\/wp\/v2\/media\/4575"}],"wp:attachment":[{"href":"https:\/\/chef-domicile.com\/index.php\/wp-json\/wp\/v2\/media?parent=5079"}],"curies":[{"name":"wp","href":"https:\/\/api.w.org\/{rel}","templated":true}]}}